{"id":3898,"date":"2019-02-21T10:23:08","date_gmt":"2019-02-21T09:23:08","guid":{"rendered":"https:\/\/dislegi.eus\/dislegi-edita-2\/"},"modified":"2023-10-18T16:11:14","modified_gmt":"2023-10-18T14:11:14","slug":"dislegi-edita-2","status":"publish","type":"page","link":"https:\/\/dislegi.eus\/eu\/dislegi-edita-2\/","title":{"rendered":"DISLEGI edita"},"content":{"rendered":"\t\t<div data-elementor-type=\"wp-page\" data-elementor-id=\"3898\" class=\"elementor elementor-3898\" data-elementor-post-type=\"page\">\n\t\t\t\t\t\t<section class=\"elementor-section elementor-top-section elementor-element elementor-element-96a26bf elementor-section-height-min-height elementor-section-stretched elementor-section-boxed elementor-section-height-default elementor-section-items-middle\" data-id=\"96a26bf\" data-element_type=\"section\" data-e-type=\"section\" data-settings=\"{&quot;stretch_section&quot;:&quot;section-stretched&quot;,&quot;background_background&quot;:&quot;classic&quot;}\">\n\t\t\t\t\t\t<div class=\"elementor-container elementor-column-gap-default\">\n\t\t\t\t\t<div class=\"elementor-column elementor-col-100 elementor-top-column elementor-element elementor-element-e0422ea\" data-id=\"e0422ea\" data-element_type=\"column\" data-e-type=\"column\">\n\t\t\t<div class=\"elementor-widget-wrap elementor-element-populated\">\n\t\t\t\t\t\t<div class=\"elementor-element elementor-element-36e8468 elementor-widget elementor-widget-heading\" data-id=\"36e8468\" data-element_type=\"widget\" data-e-type=\"widget\" data-widget_type=\"heading.default\">\n\t\t\t\t<div class=\"elementor-widget-container\">\n\t\t\t\t\t<h2 class=\"elementor-heading-title elementor-size-default\">DISLEGI EDITA<\/h2>\t\t\t\t<\/div>\n\t\t\t\t<\/div>\n\t\t\t\t<div class=\"elementor-element elementor-element-8feb90b elementor-widget elementor-widget-shortcode\" data-id=\"8feb90b\" data-element_type=\"widget\" data-e-type=\"widget\" data-widget_type=\"shortcode.default\">\n\t\t\t\t<div class=\"elementor-widget-container\">\n\t\t\t\t\t\t\t<div class=\"elementor-shortcode\"><center><nav aria-label=\"breadcrumbs\" class=\"rank-math-breadcrumb\"><p><span class=\"last\">Home<\/span><\/p><\/nav><\/center><\/div>\n\t\t\t\t\t\t<\/div>\n\t\t\t\t<\/div>\n\t\t\t\t\t<\/div>\n\t\t<\/div>\n\t\t\t\t\t<\/div>\n\t\t<\/section>\n\t\t\t\t<section class=\"elementor-section elementor-top-section elementor-element elementor-element-aa4e397 elementor-section-boxed elementor-section-height-default elementor-section-height-default\" data-id=\"aa4e397\" data-element_type=\"section\" data-e-type=\"section\">\n\t\t\t\t\t\t<div class=\"elementor-container elementor-column-gap-default\">\n\t\t\t\t\t<div class=\"elementor-column elementor-col-100 elementor-top-column elementor-element elementor-element-8fe88d2\" data-id=\"8fe88d2\" data-element_type=\"column\" data-e-type=\"column\">\n\t\t\t<div class=\"elementor-widget-wrap elementor-element-populated\">\n\t\t\t\t\t\t<div class=\"elementor-element elementor-element-6139428 elementor-widget elementor-widget-heading\" data-id=\"6139428\" data-element_type=\"widget\" data-e-type=\"widget\" data-widget_type=\"heading.default\">\n\t\t\t\t<div class=\"elementor-widget-container\">\n\t\t\t\t\t<h3 class=\"elementor-heading-title elementor-size-default\"><b> Gu\u00eda, pautas y recursos <\/b>para adecuar la ense\u00f1anza a las personas con dislexia, principalmente indicado para profesorado.<\/h3>\t\t\t\t<\/div>\n\t\t\t\t<\/div>\n\t\t\t\t\t<\/div>\n\t\t<\/div>\n\t\t\t\t\t<\/div>\n\t\t<\/section>\n\t\t\t\t<section class=\"elementor-section elementor-top-section elementor-element elementor-element-556c9a8e elementor-section-boxed elementor-section-height-default elementor-section-height-default\" data-id=\"556c9a8e\" data-element_type=\"section\" data-e-type=\"section\">\n\t\t\t\t\t\t<div class=\"elementor-container elementor-column-gap-default\">\n\t\t\t\t\t<div class=\"elementor-column elementor-col-50 elementor-top-column elementor-element elementor-element-1193365b\" data-id=\"1193365b\" data-element_type=\"column\" data-e-type=\"column\" data-settings=\"{&quot;background_background&quot;:&quot;classic&quot;}\">\n\t\t\t<div class=\"elementor-widget-wrap elementor-element-populated\">\n\t\t\t\t\t\t<div class=\"elementor-element elementor-element-0abce75 elementor-widget elementor-widget-heading\" data-id=\"0abce75\" data-element_type=\"widget\" data-e-type=\"widget\" data-widget_type=\"heading.default\">\n\t\t\t\t<div class=\"elementor-widget-container\">\n\t\t\t\t\t<h4 class=\"elementor-heading-title elementor-size-default\">Aprendizaje <br>musical<\/h4>\t\t\t\t<\/div>\n\t\t\t\t<\/div>\n\t\t\t\t<div class=\"elementor-element elementor-element-6a5da372 elementor-widget elementor-widget-text-editor\" data-id=\"6a5da372\" data-element_type=\"widget\" data-e-type=\"widget\" data-widget_type=\"text-editor.default\">\n\t\t\t\t<div class=\"elementor-widget-container\">\n\t\t\t\t\t\t\t\t\t<p style=\"text-align: center;\"><a href=\"https:\/\/issuu.com\/dislegi_gipuzkoa\/docs\/dislegi_edita_aprendizaje_musical_y_dislexia._guia\" target=\"_blank\" rel=\"noopener\">Gu\u00eda aprendizaje musical y dislexia <\/a><\/p><p style=\"text-align: center;\"><a href=\"https:\/\/dislegi2.dislegi.eu\/wp-content\/uploads\/2019\/02\/DISLEGI-EDITA-Aprendizaje-musical-y-dislexia.-Guia-basica.pdf\" target=\"_blank\" rel=\"noopener\"><img fetchpriority=\"high\" decoding=\"async\" src=\"http:\/\/dislegi.eus\/wp-content\/uploads\/2019\/02\/Guia_aprendizaje_musical-300x167.png\" alt=\"guia aprendizaje musical\" width=\"300\" height=\"167\" \/><\/a>\u00a0<\/p><div style=\"text-align: center;\"><p>Esta Gu\u00eda aprendizaje Musical esta sujeta a una licencia de<span style=\"color: var( --e-global-color-text ); font-family: var( --e-global-typography-text-font-family ), Sans-serif; font-weight: var( --e-global-typography-text-font-weight ); font-size: 1rem;\">\u00a0<\/span><a style=\"font-family: var( --e-global-typography-text-font-family ), Sans-serif; font-weight: var( --e-global-typography-text-font-weight ); background-color: #ffffff; font-size: 1rem;\" href=\"http:\/\/creativecommons.org\/licenses\/by-nc-nd\/4.0\/\" rel=\"license noopener\" target=\"_blank\">Reconocimiento-NoComercial-SinObraDerivada 4.0 Internacional de Creative Commons<\/a><\/p><\/div>\t\t\t\t\t\t\t\t<\/div>\n\t\t\t\t<\/div>\n\t\t\t\t\t<\/div>\n\t\t<\/div>\n\t\t\t\t<div class=\"elementor-column elementor-col-50 elementor-top-column elementor-element elementor-element-4800d1e\" data-id=\"4800d1e\" data-element_type=\"column\" data-e-type=\"column\" data-settings=\"{&quot;background_background&quot;:&quot;classic&quot;}\">\n\t\t\t<div class=\"elementor-widget-wrap elementor-element-populated\">\n\t\t\t\t\t\t<div class=\"elementor-element elementor-element-2fc1511 elementor-widget elementor-widget-heading\" data-id=\"2fc1511\" data-element_type=\"widget\" data-e-type=\"widget\" data-widget_type=\"heading.default\">\n\t\t\t\t<div class=\"elementor-widget-container\">\n\t\t\t\t\t<h4 class=\"elementor-heading-title elementor-size-default\">Valoraciones y reflexiones <br>sobre las repeticiones de curso<\/h4>\t\t\t\t<\/div>\n\t\t\t\t<\/div>\n\t\t\t\t<div class=\"elementor-element elementor-element-a9a89f6 elementor-widget elementor-widget-text-editor\" data-id=\"a9a89f6\" data-element_type=\"widget\" data-e-type=\"widget\" data-widget_type=\"text-editor.default\">\n\t\t\t\t<div class=\"elementor-widget-container\">\n\t\t\t\t\t\t\t\t\t<div style=\"text-align: center;\"><p><a href=\"https:\/\/dislegi2.dislegi.eu\/wp-content\/uploads\/2019\/02\/Repeticiones_dislegi_edita.pdf\" target=\"_blank\" rel=\"noopener\">Valoraci\u00f3n repetici\u00f3n curso<\/a><\/p><p><a href=\"https:\/\/dislegi2.dislegi.eu\/wp-content\/uploads\/2019\/02\/Repeticiones_dislegi_edita.pdf\" rel=\"attachment wp-att-1408 noopener\" target=\"_blank\"><img decoding=\"async\" class=\"aligncenter size-medium wp-image-1408\" src=\"http:\/\/dislegi.eus\/wp-content\/uploads\/2019\/02\/Repeticion_curso-300x98.png\" alt=\"Repeticion_curso\" width=\"300\" height=\"98\" srcset=\"https:\/\/dislegi.eus\/wp-content\/uploads\/2019\/02\/Repeticion_curso-300x98.png 300w, https:\/\/dislegi.eus\/wp-content\/uploads\/2019\/02\/Repeticion_curso-768x250.png 768w, https:\/\/dislegi.eus\/wp-content\/uploads\/2019\/02\/Repeticion_curso.png 772w\" sizes=\"(max-width: 300px) 100vw, 300px\" \/><\/a><\/p><p><a href=\"http:\/\/creativecommons.org\/licenses\/by-nc-nd\/4.0\/\" rel=\"license noopener\" target=\"_blank\"><img decoding=\"async\" style=\"border-width: 0;\" src=\"https:\/\/i.creativecommons.org\/l\/by-nc-nd\/4.0\/88x31.png\" alt=\"Licencia de Creative Commons\" \/><\/a><\/p><p><span style=\"color: var( --e-global-color-text ); font-family: var( --e-global-typography-text-font-family ), Sans-serif; font-weight: var( --e-global-typography-text-font-weight ); font-size: 1rem;\"><br \/>Esta obra est\u00e1 subjeta a una lic\u00e9ncia de <\/span><a style=\"font-family: var( --e-global-typography-text-font-family ), Sans-serif; font-weight: var( --e-global-typography-text-font-weight ); background-color: #ffffff; font-size: 1rem;\" href=\"http:\/\/creativecommons.org\/licenses\/by-nc-nd\/4.0\/\" rel=\"license noopener\" target=\"_blank\">Reconocimiento-NoComercial-SinObraDerivada 4.0 Internacional de Creative Commons<\/a><\/p><\/div>\t\t\t\t\t\t\t\t<\/div>\n\t\t\t\t<\/div>\n\t\t\t\t\t<\/div>\n\t\t<\/div>\n\t\t\t\t\t<\/div>\n\t\t<\/section>\n\t\t\t\t<section class=\"elementor-section elementor-top-section elementor-element elementor-element-311afeb elementor-section-boxed elementor-section-height-default elementor-section-height-default\" data-id=\"311afeb\" data-element_type=\"section\" data-e-type=\"section\">\n\t\t\t\t\t\t<div class=\"elementor-container elementor-column-gap-default\">\n\t\t\t\t\t<div class=\"elementor-column elementor-col-50 elementor-top-column elementor-element elementor-element-9e1ad51\" data-id=\"9e1ad51\" data-element_type=\"column\" data-e-type=\"column\" data-settings=\"{&quot;background_background&quot;:&quot;classic&quot;}\">\n\t\t\t<div class=\"elementor-widget-wrap elementor-element-populated\">\n\t\t\t\t\t\t<div class=\"elementor-element elementor-element-77e3c5b elementor-widget elementor-widget-heading\" data-id=\"77e3c5b\" data-element_type=\"widget\" data-e-type=\"widget\" data-widget_type=\"heading.default\">\n\t\t\t\t<div class=\"elementor-widget-container\">\n\t\t\t\t\t<h4 class=\"elementor-heading-title elementor-size-default\"><a href=\"https:\/\/drive.google.com\/file\/d\/1g2f9MbKN6vd6BlB5Sc4OmiAtBaigli_Y\/view\" target=\"_blank\" rel=\"noopener\">Manual of ideas for Teaching English to Dyslexic Students<\/a><\/h4>\t\t\t\t<\/div>\n\t\t\t\t<\/div>\n\t\t\t\t<div class=\"elementor-element elementor-element-185239e elementor-widget elementor-widget-text-editor\" data-id=\"185239e\" data-element_type=\"widget\" data-e-type=\"widget\" data-widget_type=\"text-editor.default\">\n\t\t\t\t<div class=\"elementor-widget-container\">\n\t\t\t\t\t\t\t\t\t<p style=\"text-align: center;\"><a href=\"https:\/\/drive.google.com\/file\/d\/1g2f9MbKN6vd6BlB5Sc4OmiAtBaigli_Y\/view\" target=\"_blank\" rel=\"noopener\">Manual de ideas\u00a0<\/a><\/p><figure id=\"attachment_3899\" aria-describedby=\"caption-attachment-3899\" style=\"width: 212px\" class=\"wp-caption aligncenter\"><a href=\"https:\/\/drive.google.com\/file\/d\/1g2f9MbKN6vd6BlB5Sc4OmiAtBaigli_Y\/view\" target=\"_blank\" rel=\"https:\/\/drive.google.com\/file\/d\/1g2f9MbKN6vd6BlB5Sc4OmiAtBaigli_Y\/view noopener\"><img decoding=\"async\" class=\"wp-image-3899 size-medium\" src=\"https:\/\/dislegi.eus\/wp-content\/uploads\/2023\/10\/Manual-cover-212x300.png\" alt=\"\" width=\"212\" height=\"300\" srcset=\"https:\/\/dislegi.eus\/wp-content\/uploads\/2023\/10\/Manual-cover-212x300.png 212w, https:\/\/dislegi.eus\/wp-content\/uploads\/2023\/10\/Manual-cover-724x1024.png 724w, https:\/\/dislegi.eus\/wp-content\/uploads\/2023\/10\/Manual-cover-768x1086.png 768w, https:\/\/dislegi.eus\/wp-content\/uploads\/2023\/10\/Manual-cover-1086x1536.png 1086w, https:\/\/dislegi.eus\/wp-content\/uploads\/2023\/10\/Manual-cover.png 1414w\" sizes=\"(max-width: 212px) 100vw, 212px\" \/><\/a><figcaption id=\"caption-attachment-3899\" class=\"wp-caption-text\">Manual of ideas for Teaching English to Dyslexic Students<\/figcaption><\/figure><p style=\"text-align: center;\"><span style=\"color: var( --e-global-color-text ); font-family: var( --e-global-typography-text-font-family ), Sans-serif; font-weight: var( --e-global-typography-text-font-weight ); font-size: 1rem;\">Este manual est\u00e1 sujeto a a una lic\u00e9ncia de <\/span><a style=\"font-family: var( --e-global-typography-text-font-family ), Sans-serif; font-weight: var( --e-global-typography-text-font-weight ); background-color: #ffffff; font-size: 1rem;\" href=\"http:\/\/creativecommons.org\/licenses\/by-nc-nd\/4.0\/\" rel=\"license noopener\" target=\"_blank\">Reconocimiento-NoComercial-SinObraDerivada 4.0 Internacional de Creative Commons<\/a><\/p><div style=\"text-align: center;\">\u00a0<\/div>\t\t\t\t\t\t\t\t<\/div>\n\t\t\t\t<\/div>\n\t\t\t\t\t<\/div>\n\t\t<\/div>\n\t\t\t\t<div class=\"elementor-column elementor-col-50 elementor-top-column elementor-element elementor-element-b50a8bb\" data-id=\"b50a8bb\" data-element_type=\"column\" data-e-type=\"column\" data-settings=\"{&quot;background_background&quot;:&quot;classic&quot;}\">\n\t\t\t<div class=\"elementor-widget-wrap elementor-element-populated\">\n\t\t\t\t\t\t\t<\/div>\n\t\t<\/div>\n\t\t\t\t\t<\/div>\n\t\t<\/section>\n\t\t\t\t<\/div>\n\t\t","protected":false},"excerpt":{"rendered":"<p>DISLEGI EDITA Gu\u00eda, pautas y recursos para adecuar la ense\u00f1anza a las personas con dislexia, principalmente indicado para profesorado. Aprendizaje musical Gu\u00eda aprendizaje musical y dislexia Esta Gu\u00eda aprendizaje Musical esta sujeta a una licencia de\u00a0Reconocimiento-NoComercial-SinObraDerivada 4.0 Internacional de Creative Commons Valoraciones y reflexiones sobre las repeticiones de curso Valoraci\u00f3n repetici\u00f3n curso Esta obra est\u00e1 [&hellip;]<\/p>\n","protected":false},"author":2,"featured_media":0,"parent":0,"menu_order":0,"comment_status":"closed","ping_status":"closed","template":"elementor_header_footer","meta":{"footnotes":""},"class_list":["post-3898","page","type-page","status-publish","hentry"],"_links":{"self":[{"href":"https:\/\/dislegi.eus\/eu\/wp-json\/wp\/v2\/pages\/3898","targetHints":{"allow":["GET"]}}],"collection":[{"href":"https:\/\/dislegi.eus\/eu\/wp-json\/wp\/v2\/pages"}],"about":[{"href":"https:\/\/dislegi.eus\/eu\/wp-json\/wp\/v2\/types\/page"}],"author":[{"embeddable":true,"href":"https:\/\/dislegi.eus\/eu\/wp-json\/wp\/v2\/users\/2"}],"replies":[{"embeddable":true,"href":"https:\/\/dislegi.eus\/eu\/wp-json\/wp\/v2\/comments?post=3898"}],"version-history":[{"count":5,"href":"https:\/\/dislegi.eus\/eu\/wp-json\/wp\/v2\/pages\/3898\/revisions"}],"predecessor-version":[{"id":3976,"href":"https:\/\/dislegi.eus\/eu\/wp-json\/wp\/v2\/pages\/3898\/revisions\/3976"}],"wp:attachment":[{"href":"https:\/\/dislegi.eus\/eu\/wp-json\/wp\/v2\/media?parent=3898"}],"curies":[{"name":"wp","href":"https:\/\/api.w.org\/{rel}","templated":true}]}}